{"id":2,"date":"2026-01-13T14:42:35","date_gmt":"2026-01-13T13:42:35","guid":{"rendered":"http:\/\/alpha-trade.eu\/?page_id=2"},"modified":"2026-02-22T10:35:59","modified_gmt":"2026-02-22T09:35:59","slug":"przykladowa-strona","status":"publish","type":"page","link":"https:\/\/alpha-trade.eu\/?page_id=2","title":{"rendered":"Przepraszamy, aktualnie zmieniamy t\u0119 stron\u0119."},"content":{"rendered":"\n<p class=\"has-text-align-center\">Zapraszamy tutaj ju\u017c niebawem. <\/p>\n\n\n\n<p class=\"has-text-align-center\">W Przypadku zapyta\u0144 &#8211; prosimy o kontakt.<\/p>\n\n\n\n<p><\/p>\n","protected":false},"excerpt":{"rendered":"<p>Zapraszamy tutaj ju\u017c niebawem. W Przypadku zapyta\u0144 &#8211; prosimy o kontakt.<\/p>\n","protected":false},"author":1,"featured_media":0,"parent":0,"menu_order":0,"comment_status":"closed","ping_status":"open","template":"elementor_header_footer","meta":{"zakra_page_container_layout":"customizer","zakra_page_sidebar_layout":"customizer","zakra_remove_content_margin":false,"zakra_sidebar":"customizer","zakra_transparent_header":"customizer","zakra_logo":0,"zakra_main_header_style":"default","zakra_menu_item_color":"","zakra_menu_item_hover_color":"","zakra_menu_item_active_color":"","zakra_menu_active_style":"","zakra_page_header":true,"om_disable_all_campaigns":false,"_monsterinsights_skip_tracking":false,"_monsterinsights_sitenote_active":false,"_monsterinsights_sitenote_note":"","_monsterinsights_sitenote_category":0,"footnotes":""},"class_list":["post-2","page","type-page","status-publish","hentry"],"yoast_head":"<!-- This site is optimized with the Yoast SEO plugin v27.3 - https:\/\/yoast.com\/product\/yoast-seo-wordpress\/ -->\n<title>Przepraszamy, aktualnie zmieniamy t\u0119 stron\u0119. - Alpha Trade - digital solutions<\/title>\n<meta name=\"robots\" content=\"index, follow, max-snippet:-1, max-image-preview:large, max-video-preview:-1\" \/>\n<link rel=\"canonical\" href=\"https:\/\/alpha-trade.eu\/?page_id=2\" \/>\n<meta property=\"og:locale\" content=\"pl_PL\" \/>\n<meta property=\"og:type\" content=\"article\" \/>\n<meta property=\"og:title\" content=\"Przepraszamy, aktualnie zmieniamy t\u0119 stron\u0119. - Alpha Trade - digital solutions\" \/>\n<meta property=\"og:description\" content=\"Zapraszamy tutaj ju\u017c niebawem. W Przypadku zapyta\u0144 &#8211; prosimy o kontakt.\" \/>\n<meta property=\"og:url\" content=\"https:\/\/alpha-trade.eu\/?page_id=2\" \/>\n<meta property=\"og:site_name\" content=\"Alpha Trade - digital solutions\" \/>\n<meta property=\"article:modified_time\" content=\"2026-02-22T09:35:59+00:00\" \/>\n<meta name=\"twitter:card\" content=\"summary_large_image\" \/>\n<meta name=\"twitter:label1\" content=\"Szacowany czas czytania\" \/>\n\t<meta name=\"twitter:data1\" content=\"1 minuta\" \/>\n<script type=\"application\/ld+json\" class=\"yoast-schema-graph\">{\"@context\":\"https:\\\/\\\/schema.org\",\"@graph\":[{\"@type\":\"WebPage\",\"@id\":\"https:\\\/\\\/alpha-trade.eu\\\/?page_id=2\",\"url\":\"https:\\\/\\\/alpha-trade.eu\\\/?page_id=2\",\"name\":\"Przepraszamy, aktualnie zmieniamy t\u0119 stron\u0119. - Alpha Trade - digital solutions\",\"isPartOf\":{\"@id\":\"https:\\\/\\\/alpha-trade.eu\\\/#website\"},\"datePublished\":\"2026-01-13T13:42:35+00:00\",\"dateModified\":\"2026-02-22T09:35:59+00:00\",\"breadcrumb\":{\"@id\":\"https:\\\/\\\/alpha-trade.eu\\\/?page_id=2#breadcrumb\"},\"inLanguage\":\"pl-PL\",\"potentialAction\":[{\"@type\":\"ReadAction\",\"target\":[\"https:\\\/\\\/alpha-trade.eu\\\/?page_id=2\"]}]},{\"@type\":\"BreadcrumbList\",\"@id\":\"https:\\\/\\\/alpha-trade.eu\\\/?page_id=2#breadcrumb\",\"itemListElement\":[{\"@type\":\"ListItem\",\"position\":1,\"name\":\"Home\",\"item\":\"https:\\\/\\\/alpha-trade.eu\\\/\"},{\"@type\":\"ListItem\",\"position\":2,\"name\":\"Przepraszamy, aktualnie zmieniamy t\u0119 stron\u0119.\"}]},{\"@type\":\"WebSite\",\"@id\":\"https:\\\/\\\/alpha-trade.eu\\\/#website\",\"url\":\"https:\\\/\\\/alpha-trade.eu\\\/\",\"name\":\"Alpha Trade - digital solutions\",\"description\":\"\",\"publisher\":{\"@id\":\"https:\\\/\\\/alpha-trade.eu\\\/#organization\"},\"potentialAction\":[{\"@type\":\"SearchAction\",\"target\":{\"@type\":\"EntryPoint\",\"urlTemplate\":\"https:\\\/\\\/alpha-trade.eu\\\/?s={search_term_string}\"},\"query-input\":{\"@type\":\"PropertyValueSpecification\",\"valueRequired\":true,\"valueName\":\"search_term_string\"}}],\"inLanguage\":\"pl-PL\"},{\"@type\":\"Organization\",\"@id\":\"https:\\\/\\\/alpha-trade.eu\\\/#organization\",\"name\":\"Alpha Trade - digital solutions\",\"url\":\"https:\\\/\\\/alpha-trade.eu\\\/\",\"logo\":{\"@type\":\"ImageObject\",\"inLanguage\":\"pl-PL\",\"@id\":\"https:\\\/\\\/alpha-trade.eu\\\/#\\\/schema\\\/logo\\\/image\\\/\",\"url\":\"https:\\\/\\\/alpha-trade.eu\\\/wp-content\\\/uploads\\\/2026\\\/03\\\/cropped-Horyz-glass.png\",\"contentUrl\":\"https:\\\/\\\/alpha-trade.eu\\\/wp-content\\\/uploads\\\/2026\\\/03\\\/cropped-Horyz-glass.png\",\"width\":968,\"height\":500,\"caption\":\"Alpha Trade - digital solutions\"},\"image\":{\"@id\":\"https:\\\/\\\/alpha-trade.eu\\\/#\\\/schema\\\/logo\\\/image\\\/\"}}]}<\/script>\n<!-- \/ Yoast SEO plugin. -->","yoast_head_json":{"title":"Przepraszamy, aktualnie zmieniamy t\u0119 stron\u0119. - Alpha Trade - digital solutions","robots":{"index":"index","follow":"follow","max-snippet":"max-snippet:-1","max-image-preview":"max-image-preview:large","max-video-preview":"max-video-preview:-1"},"canonical":"https:\/\/alpha-trade.eu\/?page_id=2","og_locale":"pl_PL","og_type":"article","og_title":"Przepraszamy, aktualnie zmieniamy t\u0119 stron\u0119. - Alpha Trade - digital solutions","og_description":"Zapraszamy tutaj ju\u017c niebawem. W Przypadku zapyta\u0144 &#8211; prosimy o kontakt.","og_url":"https:\/\/alpha-trade.eu\/?page_id=2","og_site_name":"Alpha Trade - digital solutions","article_modified_time":"2026-02-22T09:35:59+00:00","twitter_card":"summary_large_image","twitter_misc":{"Szacowany czas czytania":"1 minuta"},"schema":{"@context":"https:\/\/schema.org","@graph":[{"@type":"WebPage","@id":"https:\/\/alpha-trade.eu\/?page_id=2","url":"https:\/\/alpha-trade.eu\/?page_id=2","name":"Przepraszamy, aktualnie zmieniamy t\u0119 stron\u0119. - Alpha Trade - digital solutions","isPartOf":{"@id":"https:\/\/alpha-trade.eu\/#website"},"datePublished":"2026-01-13T13:42:35+00:00","dateModified":"2026-02-22T09:35:59+00:00","breadcrumb":{"@id":"https:\/\/alpha-trade.eu\/?page_id=2#breadcrumb"},"inLanguage":"pl-PL","potentialAction":[{"@type":"ReadAction","target":["https:\/\/alpha-trade.eu\/?page_id=2"]}]},{"@type":"BreadcrumbList","@id":"https:\/\/alpha-trade.eu\/?page_id=2#breadcrumb","itemListElement":[{"@type":"ListItem","position":1,"name":"Home","item":"https:\/\/alpha-trade.eu\/"},{"@type":"ListItem","position":2,"name":"Przepraszamy, aktualnie zmieniamy t\u0119 stron\u0119."}]},{"@type":"WebSite","@id":"https:\/\/alpha-trade.eu\/#website","url":"https:\/\/alpha-trade.eu\/","name":"Alpha Trade - digital solutions","description":"","publisher":{"@id":"https:\/\/alpha-trade.eu\/#organization"},"potentialAction":[{"@type":"SearchAction","target":{"@type":"EntryPoint","urlTemplate":"https:\/\/alpha-trade.eu\/?s={search_term_string}"},"query-input":{"@type":"PropertyValueSpecification","valueRequired":true,"valueName":"search_term_string"}}],"inLanguage":"pl-PL"},{"@type":"Organization","@id":"https:\/\/alpha-trade.eu\/#organization","name":"Alpha Trade - digital solutions","url":"https:\/\/alpha-trade.eu\/","logo":{"@type":"ImageObject","inLanguage":"pl-PL","@id":"https:\/\/alpha-trade.eu\/#\/schema\/logo\/image\/","url":"https:\/\/alpha-trade.eu\/wp-content\/uploads\/2026\/03\/cropped-Horyz-glass.png","contentUrl":"https:\/\/alpha-trade.eu\/wp-content\/uploads\/2026\/03\/cropped-Horyz-glass.png","width":968,"height":500,"caption":"Alpha Trade - digital solutions"},"image":{"@id":"https:\/\/alpha-trade.eu\/#\/schema\/logo\/image\/"}}]}},"_links":{"self":[{"href":"https:\/\/alpha-trade.eu\/index.php?rest_route=\/wp\/v2\/pages\/2","targetHints":{"allow":["GET"]}}],"collection":[{"href":"https:\/\/alpha-trade.eu\/index.php?rest_route=\/wp\/v2\/pages"}],"about":[{"href":"https:\/\/alpha-trade.eu\/index.php?rest_route=\/wp\/v2\/types\/page"}],"author":[{"embeddable":true,"href":"https:\/\/alpha-trade.eu\/index.php?rest_route=\/wp\/v2\/users\/1"}],"replies":[{"embeddable":true,"href":"https:\/\/alpha-trade.eu\/index.php?rest_route=%2Fwp%2Fv2%2Fcomments&post=2"}],"version-history":[{"count":4,"href":"https:\/\/alpha-trade.eu\/index.php?rest_route=\/wp\/v2\/pages\/2\/revisions"}],"predecessor-version":[{"id":1318,"href":"https:\/\/alpha-trade.eu\/index.php?rest_route=\/wp\/v2\/pages\/2\/revisions\/1318"}],"wp:attachment":[{"href":"https:\/\/alpha-trade.eu\/index.php?rest_route=%2Fwp%2Fv2%2Fmedia&parent=2"}],"curies":[{"name":"wp","href":"https:\/\/api.w.org\/{rel}","templated":true}]}}